{"id":1507,"date":"2026-03-27T12:11:08","date_gmt":"2026-03-27T12:11:08","guid":{"rendered":"https:\/\/www.agricamper.com\/agricamper-italia-in-the-media\/"},"modified":"2026-04-02T09:05:04","modified_gmt":"2026-04-02T09:05:04","slug":"agricamper-italia-in-den-medien","status":"publish","type":"page","link":"https:\/\/www.agricamper.com\/de\/agricamper-italia-in-den-medien\/","title":{"rendered":"Agricamper Italia in den Medien"},"content":{"rendered":"<div class='breakdance'><section class=\"bde-section-1507-100 bde-section\">\n  \n  \n\t\n\n\n\n<div class=\"section-container\"><div class=\"bde-rich-text-1507-101 bde-rich-text breakdance-rich-text-styles\">\n<p>Agricamper Italia ist das italienische Netzwerk f\u00fcr l\u00e4ndliche 24-Stunden-Stellpl\u00e4tze f\u00fcr autarke Wohnmobile, Campervans und Wohnwagen. Mit einer Jahresmitgliedschaft k\u00f6nnen Reisende bei Bauernh\u00f6fen, Weing\u00fctern und landwirtschaftlichen Betrieben in ganz Italien \u00fcbernachten und eine authentischere Art des Reisens erleben.<\/p><p>Auf dieser Seite finden Sie die nationale und internationale Medienberichterstattung, die dazu beigetragen hat, Agricamper Italia als vertrauensw\u00fcrdigen Bezugspunkt f\u00fcr naturnahes Reisen mit dem Wohnmobil und Hof-Stellpl\u00e4tze in Italien zu etablieren.<\/p><h2>Ein Bezugspunkt f\u00fcr naturnahes Reisen mit dem Wohnmobil und Hof-Stellpl\u00e4tze in Italien<\/h2><p>Im Laufe der Jahre hat sich Agricamper Italia von einer innovativen Idee zu einer anerkannten Marke im l\u00e4ndlichen Tourismus Italiens entwickelt. F\u00fchrende Medien haben unsere Geschichte aufgegriffen und dar\u00fcber berichtet, von <em>Corriere della Sera<\/em>, <em>La Repubblica<\/em> und <em>Il Sole 24 Ore<\/em> bis hin zu <em>Donna Moderna<\/em>, <em>Panorama<\/em>, <em>Wired<\/em>, <em>Milano Finanza<\/em> und <em>Italia Oggi<\/em>.<\/p><p>Diese Sichtbarkeit in nationalen Nachrichtenmedien, Lifestyle-Titeln und Wirtschaftspublikationen best\u00e4tigt Agricamper Italia als einen soliden und langfristigen Bezugspunkt f\u00fcr alle, die Italien mit dem Wohnmobil, Campervan oder Wohnwagen \u00fcber l\u00e4ndliche Stopps und Aufenthalte auf Bauernh\u00f6fen entdecken m\u00f6chten.<\/p><h3>Presse und Online-Medien in Italien<\/h3><p>Im Kern von Agricamper Italia steht ein einfaches Modell: Mit einer einzigen Jahresmitgliedschaft k\u00f6nnen Reisende Gastgeber in ganz Italien finden und jeweils einen kostenlosen 24-Stunden-Stopp ohne zus\u00e4tzliche \u00dcbernachtungskosten nutzen. So wird es leichter, Bauernh\u00f6fe, Weing\u00fcter und l\u00e4ndliche Betriebe auf einfache, sichere und transparente Weise zu entdecken.<\/p><p>Viele Journalistinnen und Journalisten beschreiben Agricamper Italia im Vergleich zu bekannten europ\u00e4ischen Konzepten wie <strong>France Passion<\/strong> in Frankreich und <strong>Landvergn\u00fcgen<\/strong> in Deutschland. Dadurch verstehen Leser sofort unser Modell: authentische Hof-Stellpl\u00e4tze, direkter Kontakt zu Produzenten und ein klarer Rahmen f\u00fcr verantwortungsvolles Reisen auf dem italienischen Land.<\/p><p>Spezialisierte Medien wie <em>Caravan e Camper<\/em>, <em>CamperLife<\/em>, <em>Le Monde du Camping-Car<\/em>, <em>Camping-Car Magazine<\/em>, <em>Promobil<\/em> und <em>Reisemobil International<\/em> nennen Agricamper Italia regelm\u00e4\u00dfig als eine der wichtigsten L\u00f6sungen f\u00fcr die Planung einer Wohnmobilreise in Italien und als l\u00e4ndliche Alternative zu klassischen Campingpl\u00e4tzen und Stellpl\u00e4tzen.<\/p><h3>TV, Radio und gr\u00fcne Medien<\/h3><p>Die Berichterstattung im Fernsehen und Radio hat die Glaubw\u00fcrdigkeit der Marke zus\u00e4tzlich gest\u00e4rkt. Interviews und Beitr\u00e4ge auf <em>Rai News 24<\/em>, <em>Sky TG24<\/em>, <em>RTL 102.5<\/em>, <em>RDS<\/em>, <em>Radio Deejay<\/em>, <em>Radio 24<\/em>, <em>Radio Number One<\/em> und <em>Radio Popolare<\/em> haben Agricamper Italia als konkretes Beispiel f\u00fcr nachhaltiges und l\u00e4ndliches Reisen vorgestellt, das lokalen Gemeinschaften zugutekommt.<\/p><p>Diese Auftritte sowie Erw\u00e4hnungen in umwelt- und innovationsorientierten Medien wie <em>GreenStyle<\/em>, <em>Wise Society<\/em> und anderen gr\u00fcnen Publikationen unterstreichen die Positionierung von Agricamper Italia rund um verantwortungsbewusstes Reisen, Slow Tourism und die Unterst\u00fctzung kleiner Produzenten und familiengef\u00fchrter H\u00f6fe.<\/p><h3>Internationale und spezialisierte Medien<\/h3><p>Agricamper Italia hat auch durch internationale Medien Sichtbarkeit gewonnen, die sich direkt an Reisende, Camper und Expats richten. Franz\u00f6sischsprachige Zielgruppen haben Agricamper zum Beispiel \u00fcber <em>Le Petit Journal<\/em> kennengelernt, ebenso wie \u00fcber gro\u00dfe franz\u00f6sische und deutsche Wohnmobilmagazine, die unser Netzwerk Reisenden empfehlen, die Italien auf authentischere Weise erleben m\u00f6chten.<\/p><p>Diese grenz\u00fcberschreitende Medienpr\u00e4senz gibt internationalen Reisenden Sicherheit, dass Agricamper Italia eine anerkannte und breit besprochene Marke ist, wenn sie einen Roadtrip durch Italien mit Wohnmobil, Campervan oder Wohnwagen planen. Gleichzeitig positioniert sie Agricamper Italia im gr\u00f6\u00dferen europ\u00e4ischen \u00d6kosystem der Hof-Stellplatznetzwerke \u05dc\u05e6\u05d3 France Passion und Landvergn\u00fcgen.<\/p><h3>Eine Marke mit langfristigem Vertrauen<\/h3><p>Unsere Medienpr\u00e4senz ist weit mehr als eine Sammlung von Logos. Sie ist ein \u00fcber Jahre aufgebauter Vertrauensbeweis \u00fcber Printmedien, digitale Medien, Fernsehen, Radio und spezialisierte Wohnmobilpublikationen hinweg.<\/p><p>F\u00fcr Reisende, Gastgeber und Partner sendet diese kontinuierliche Berichterstattung eine klare Botschaft: <strong>Agricamper Italia ist einer der wichtigsten Bezugspunkte f\u00fcr l\u00e4ndliches Reisen mit dem Wohnmobil und Hof-Stellpl\u00e4tze in Italien.<\/strong><\/p><p>\u00a0<\/p>\n<\/div><div class=\"bde-button-1507-102 bde-button\">\n    \n                                    \n    \n    \n    \n    \n            \n            <button type=\"button\" class=\"button-atom button-atom--primary bde-button__button\"  >\n    \n        <span class=\"button-atom__text\">Entdecken Sie, wie Agricamper funktioniert<\/span>\n\n        \n        \n            <\/button>\n    \n\n\n<\/div><\/div>\n<\/section><\/div>","protected":false},"excerpt":{"rendered":"<p>Agricamper Italia ist das italienische Netzwerk f\u00fcr l\u00e4ndliche 24-Stunden-Stellpl\u00e4tze f\u00fcr autarke Wohnmobile, Campervans und Wohnwagen. Mit einer Jahresmitgliedschaft k\u00f6nnen Reisende bei Bauernh\u00f6fen, Weing\u00fctern und landwirtschaftlichen Betrieben in ganz Italien \u00fcbernachten und eine authentischere Art des Reisens erleben.Auf dieser Seite finden Sie die nationale und internationale Medienberichterstattung, die dazu beigetragen hat, Agricamper Italia als vertrauensw\u00fcrdigen Bezugspunkt [&hellip;]<\/p>\n","protected":false},"author":2,"featured_media":0,"parent":0,"menu_order":0,"comment_status":"closed","ping_status":"closed","template":"","meta":{"_acf_changed":false,"_breakdance_hide_in_design_set":false,"_breakdance_tags":"","footnotes":""},"class_list":["post-1507","page","type-page","status-publish","hentry"],"acf":[],"_links":{"self":[{"href":"https:\/\/www.agricamper.com\/de\/wp-json\/wp\/v2\/pages\/1507","targetHints":{"allow":["GET"]}}],"collection":[{"href":"https:\/\/www.agricamper.com\/de\/wp-json\/wp\/v2\/pages"}],"about":[{"href":"https:\/\/www.agricamper.com\/de\/wp-json\/wp\/v2\/types\/page"}],"author":[{"embeddable":true,"href":"https:\/\/www.agricamper.com\/de\/wp-json\/wp\/v2\/users\/2"}],"replies":[{"embeddable":true,"href":"https:\/\/www.agricamper.com\/de\/wp-json\/wp\/v2\/comments?post=1507"}],"version-history":[{"count":4,"href":"https:\/\/www.agricamper.com\/de\/wp-json\/wp\/v2\/pages\/1507\/revisions"}],"predecessor-version":[{"id":2025,"href":"https:\/\/www.agricamper.com\/de\/wp-json\/wp\/v2\/pages\/1507\/revisions\/2025"}],"wp:attachment":[{"href":"https:\/\/www.agricamper.com\/de\/wp-json\/wp\/v2\/media?parent=1507"}],"curies":[{"name":"wp","href":"https:\/\/api.w.org\/{rel}","templated":true}]}}